{"id":5799,"date":"2023-05-23T20:07:54","date_gmt":"2023-05-23T20:07:54","guid":{"rendered":"https:\/\/bewine.be\/product\/narassa-domaine-lafage\/"},"modified":"2024-02-19T15:47:16","modified_gmt":"2024-02-19T15:47:16","slug":"narassa-domaine-lafage","status":"publish","type":"product","link":"https:\/\/bewine.be\/nl\/product\/narassa-domaine-lafage\/","title":{"rendered":"&#8220;Narassa&#8221; Domaine Lafage"},"content":{"rendered":"<div class=\"wpb-content-wrapper\"><p>[vc_row css=&#8221;.vc_custom_1544454382664{padding-top: 21px !important;padding-bottom: 27px !important;}&#8221;][vc_column][vc_column_text]<\/p>\n<div id=\"product-description-short-91\" class=\"description-short\">\n<p>De neus wordt gedomineerd door tonen van bramen, wilde kruiden en een vleugje peper. Heerlijk zachte textuur door een late oogst. Tonen van bramen en wilde kruiden vermengen zich met peper en cacao, over goed gesmolten tannines. De afdronk is fris en verrassend elegant.<\/p>\n<\/div>\n<div class=\"product-actions\">\n<form id=\"add-to-cart-or-refresh\" action=\"https:\/\/bewine.be\/fr\/panier\" method=\"post\">\n<div class=\"product-variants\"><\/div>\n<section class=\"product-discounts\"><\/section>\n<div class=\"product-add-to-cart\">\n<div class=\"product-quantity clearfix\">\n<div class=\"qty clearfix\">\n<div class=\"input-group bootstrap-touchspin\"><\/div>\n<\/div>\n<\/div>\n<\/div>\n<\/form>\n<\/div>\n<\/div>","protected":false},"excerpt":{"rendered":"<p>De neus wordt gedomineerd door tonen van bramen, wilde kruiden en een vleugje peper. Heerlijk zachte textuur door een late oogst. Tonen van bramen en wilde kruiden vermengen zich met peper en cacao, over goed gesmolten tannines. De afdronk is fris en verrassend elegant.<\/p>\n","protected":false},"featured_media":5800,"comment_status":"open","ping_status":"closed","template":"","meta":[],"product_brand":[],"product_cat":[293],"product_tag":[294,295],"class_list":{"0":"post-5799","1":"product","2":"type-product","3":"status-publish","4":"has-post-thumbnail","6":"product_cat-rode-wijnen","7":"product_tag-frankrijk","8":"product_tag-languedoc-roussillon-nl","10":"first","11":"instock","12":"taxable","13":"shipping-taxable","14":"purchasable","15":"product-type-simple"},"yoast_head":"<!-- This site is optimized with the Yoast SEO plugin v27.3 - https:\/\/yoast.com\/product\/yoast-seo-wordpress\/ -->\n<title>&quot;Narassa&quot; Domaine Lafage - Be wine<\/title>\n<meta name=\"description\" content=\"De neus wordt gedomineerd door tonen van bramen, wilde kruiden en een vleugje peper. Heerlijk zachte textuur door een late oogst. Les notes de m\u00fbre et d&#039;herbes sauvages se m\u00ealent au poivre et au cacao, sur des tanins bien fondus La finale est fra\u00eeche d\u00e9livrant une surprenante \u00e9l\u00e9gance.\" \/>\n<meta name=\"robots\" content=\"index, follow, max-snippet:-1, max-image-preview:large, max-video-preview:-1\" \/>\n<link rel=\"canonical\" href=\"https:\/\/bewine.be\/nl\/product\/narassa-domaine-lafage\/\" \/>\n<meta property=\"og:locale\" content=\"nl_NL\" \/>\n<meta property=\"og:type\" content=\"article\" \/>\n<meta property=\"og:title\" content=\"&quot;Narassa&quot; Domaine Lafage - Be wine\" \/>\n<meta property=\"og:description\" content=\"De neus wordt gedomineerd door tonen van bramen, wilde kruiden en een vleugje peper. Heerlijk zachte textuur door een late oogst. Les notes de m\u00fbre et d&#039;herbes sauvages se m\u00ealent au poivre et au cacao, sur des tanins bien fondus La finale est fra\u00eeche d\u00e9livrant une surprenante \u00e9l\u00e9gance.\" \/>\n<meta property=\"og:url\" content=\"https:\/\/bewine.be\/nl\/product\/narassa-domaine-lafage\/\" \/>\n<meta property=\"og:site_name\" content=\"Be wine\" \/>\n<meta property=\"article:modified_time\" content=\"2024-02-19T15:47:16+00:00\" \/>\n<meta property=\"og:image\" content=\"https:\/\/bewine.be\/wp-content\/uploads\/2023\/05\/domaine-lafage-narassa.png\" \/>\n\t<meta property=\"og:image:width\" content=\"800\" \/>\n\t<meta property=\"og:image:height\" content=\"800\" \/>\n\t<meta property=\"og:image:type\" content=\"image\/png\" \/>\n<meta name=\"twitter:card\" content=\"summary_large_image\" \/>\n<script type=\"application\/ld+json\" class=\"yoast-schema-graph\">{\"@context\":\"https:\\\/\\\/schema.org\",\"@graph\":[{\"@type\":\"WebPage\",\"@id\":\"https:\\\/\\\/bewine.be\\\/nl\\\/product\\\/narassa-domaine-lafage\\\/\",\"url\":\"https:\\\/\\\/bewine.be\\\/nl\\\/product\\\/narassa-domaine-lafage\\\/\",\"name\":\"\\\"Narassa\\\" Domaine Lafage - Be wine\",\"isPartOf\":{\"@id\":\"https:\\\/\\\/bewine.be\\\/nl\\\/#website\"},\"primaryImageOfPage\":{\"@id\":\"https:\\\/\\\/bewine.be\\\/nl\\\/product\\\/narassa-domaine-lafage\\\/#primaryimage\"},\"image\":{\"@id\":\"https:\\\/\\\/bewine.be\\\/nl\\\/product\\\/narassa-domaine-lafage\\\/#primaryimage\"},\"thumbnailUrl\":\"https:\\\/\\\/bewine.be\\\/wp-content\\\/uploads\\\/2023\\\/05\\\/domaine-lafage-narassa.png\",\"datePublished\":\"2023-05-23T20:07:54+00:00\",\"dateModified\":\"2024-02-19T15:47:16+00:00\",\"description\":\"De neus wordt gedomineerd door tonen van bramen, wilde kruiden en een vleugje peper. Heerlijk zachte textuur door een late oogst. Les notes de m\u00fbre et d'herbes sauvages se m\u00ealent au poivre et au cacao, sur des tanins bien fondus La finale est fra\u00eeche d\u00e9livrant une surprenante \u00e9l\u00e9gance.\",\"breadcrumb\":{\"@id\":\"https:\\\/\\\/bewine.be\\\/nl\\\/product\\\/narassa-domaine-lafage\\\/#breadcrumb\"},\"inLanguage\":\"nl-NL\",\"potentialAction\":[{\"@type\":\"ReadAction\",\"target\":[\"https:\\\/\\\/bewine.be\\\/nl\\\/product\\\/narassa-domaine-lafage\\\/\"]}]},{\"@type\":\"ImageObject\",\"inLanguage\":\"nl-NL\",\"@id\":\"https:\\\/\\\/bewine.be\\\/nl\\\/product\\\/narassa-domaine-lafage\\\/#primaryimage\",\"url\":\"https:\\\/\\\/bewine.be\\\/wp-content\\\/uploads\\\/2023\\\/05\\\/domaine-lafage-narassa.png\",\"contentUrl\":\"https:\\\/\\\/bewine.be\\\/wp-content\\\/uploads\\\/2023\\\/05\\\/domaine-lafage-narassa.png\",\"width\":800,\"height\":800,\"caption\":\"Rouge France Cave \u00e0 vins Bruxelles\"},{\"@type\":\"BreadcrumbList\",\"@id\":\"https:\\\/\\\/bewine.be\\\/nl\\\/product\\\/narassa-domaine-lafage\\\/#breadcrumb\",\"itemListElement\":[{\"@type\":\"ListItem\",\"position\":1,\"name\":\"Accueil\",\"item\":\"https:\\\/\\\/bewine.be\\\/nl\\\/\"},{\"@type\":\"ListItem\",\"position\":2,\"name\":\"Winkelen\",\"item\":\"https:\\\/\\\/bewine.be\\\/nl\\\/winkelen-2\\\/\"},{\"@type\":\"ListItem\",\"position\":3,\"name\":\"&#8220;Narassa&#8221; Domaine Lafage\"}]},{\"@type\":\"WebSite\",\"@id\":\"https:\\\/\\\/bewine.be\\\/nl\\\/#website\",\"url\":\"https:\\\/\\\/bewine.be\\\/nl\\\/\",\"name\":\"Be wine\",\"description\":\"Don&#039;t worry Be Wine\",\"publisher\":{\"@id\":\"https:\\\/\\\/bewine.be\\\/nl\\\/#organization\"},\"potentialAction\":[{\"@type\":\"SearchAction\",\"target\":{\"@type\":\"EntryPoint\",\"urlTemplate\":\"https:\\\/\\\/bewine.be\\\/nl\\\/?s={search_term_string}\"},\"query-input\":{\"@type\":\"PropertyValueSpecification\",\"valueRequired\":true,\"valueName\":\"search_term_string\"}}],\"inLanguage\":\"nl-NL\"},{\"@type\":\"Organization\",\"@id\":\"https:\\\/\\\/bewine.be\\\/nl\\\/#organization\",\"name\":\"Be Wine\",\"url\":\"https:\\\/\\\/bewine.be\\\/nl\\\/\",\"logo\":{\"@type\":\"ImageObject\",\"inLanguage\":\"nl-NL\",\"@id\":\"https:\\\/\\\/bewine.be\\\/nl\\\/#\\\/schema\\\/logo\\\/image\\\/\",\"url\":\"https:\\\/\\\/bewine.be\\\/test\\\/wp-content\\\/uploads\\\/2022\\\/06\\\/logo-bewine-1.png\",\"contentUrl\":\"https:\\\/\\\/bewine.be\\\/test\\\/wp-content\\\/uploads\\\/2022\\\/06\\\/logo-bewine-1.png\",\"width\":203,\"height\":225,\"caption\":\"Be Wine\"},\"image\":{\"@id\":\"https:\\\/\\\/bewine.be\\\/nl\\\/#\\\/schema\\\/logo\\\/image\\\/\"}}]}<\/script>\n<!-- \/ Yoast SEO plugin. -->","yoast_head_json":{"title":"\"Narassa\" Domaine Lafage - Be wine","description":"De neus wordt gedomineerd door tonen van bramen, wilde kruiden en een vleugje peper. Heerlijk zachte textuur door een late oogst. Les notes de m\u00fbre et d'herbes sauvages se m\u00ealent au poivre et au cacao, sur des tanins bien fondus La finale est fra\u00eeche d\u00e9livrant une surprenante \u00e9l\u00e9gance.","robots":{"index":"index","follow":"follow","max-snippet":"max-snippet:-1","max-image-preview":"max-image-preview:large","max-video-preview":"max-video-preview:-1"},"canonical":"https:\/\/bewine.be\/nl\/product\/narassa-domaine-lafage\/","og_locale":"nl_NL","og_type":"article","og_title":"\"Narassa\" Domaine Lafage - Be wine","og_description":"De neus wordt gedomineerd door tonen van bramen, wilde kruiden en een vleugje peper. Heerlijk zachte textuur door een late oogst. Les notes de m\u00fbre et d'herbes sauvages se m\u00ealent au poivre et au cacao, sur des tanins bien fondus La finale est fra\u00eeche d\u00e9livrant une surprenante \u00e9l\u00e9gance.","og_url":"https:\/\/bewine.be\/nl\/product\/narassa-domaine-lafage\/","og_site_name":"Be wine","article_modified_time":"2024-02-19T15:47:16+00:00","og_image":[{"width":800,"height":800,"url":"https:\/\/bewine.be\/wp-content\/uploads\/2023\/05\/domaine-lafage-narassa.png","type":"image\/png"}],"twitter_card":"summary_large_image","schema":{"@context":"https:\/\/schema.org","@graph":[{"@type":"WebPage","@id":"https:\/\/bewine.be\/nl\/product\/narassa-domaine-lafage\/","url":"https:\/\/bewine.be\/nl\/product\/narassa-domaine-lafage\/","name":"\"Narassa\" Domaine Lafage - Be wine","isPartOf":{"@id":"https:\/\/bewine.be\/nl\/#website"},"primaryImageOfPage":{"@id":"https:\/\/bewine.be\/nl\/product\/narassa-domaine-lafage\/#primaryimage"},"image":{"@id":"https:\/\/bewine.be\/nl\/product\/narassa-domaine-lafage\/#primaryimage"},"thumbnailUrl":"https:\/\/bewine.be\/wp-content\/uploads\/2023\/05\/domaine-lafage-narassa.png","datePublished":"2023-05-23T20:07:54+00:00","dateModified":"2024-02-19T15:47:16+00:00","description":"De neus wordt gedomineerd door tonen van bramen, wilde kruiden en een vleugje peper. Heerlijk zachte textuur door een late oogst. Les notes de m\u00fbre et d'herbes sauvages se m\u00ealent au poivre et au cacao, sur des tanins bien fondus La finale est fra\u00eeche d\u00e9livrant une surprenante \u00e9l\u00e9gance.","breadcrumb":{"@id":"https:\/\/bewine.be\/nl\/product\/narassa-domaine-lafage\/#breadcrumb"},"inLanguage":"nl-NL","potentialAction":[{"@type":"ReadAction","target":["https:\/\/bewine.be\/nl\/product\/narassa-domaine-lafage\/"]}]},{"@type":"ImageObject","inLanguage":"nl-NL","@id":"https:\/\/bewine.be\/nl\/product\/narassa-domaine-lafage\/#primaryimage","url":"https:\/\/bewine.be\/wp-content\/uploads\/2023\/05\/domaine-lafage-narassa.png","contentUrl":"https:\/\/bewine.be\/wp-content\/uploads\/2023\/05\/domaine-lafage-narassa.png","width":800,"height":800,"caption":"Rouge France Cave \u00e0 vins Bruxelles"},{"@type":"BreadcrumbList","@id":"https:\/\/bewine.be\/nl\/product\/narassa-domaine-lafage\/#breadcrumb","itemListElement":[{"@type":"ListItem","position":1,"name":"Accueil","item":"https:\/\/bewine.be\/nl\/"},{"@type":"ListItem","position":2,"name":"Winkelen","item":"https:\/\/bewine.be\/nl\/winkelen-2\/"},{"@type":"ListItem","position":3,"name":"&#8220;Narassa&#8221; Domaine Lafage"}]},{"@type":"WebSite","@id":"https:\/\/bewine.be\/nl\/#website","url":"https:\/\/bewine.be\/nl\/","name":"Be wine","description":"Don&#039;t worry Be Wine","publisher":{"@id":"https:\/\/bewine.be\/nl\/#organization"},"potentialAction":[{"@type":"SearchAction","target":{"@type":"EntryPoint","urlTemplate":"https:\/\/bewine.be\/nl\/?s={search_term_string}"},"query-input":{"@type":"PropertyValueSpecification","valueRequired":true,"valueName":"search_term_string"}}],"inLanguage":"nl-NL"},{"@type":"Organization","@id":"https:\/\/bewine.be\/nl\/#organization","name":"Be Wine","url":"https:\/\/bewine.be\/nl\/","logo":{"@type":"ImageObject","inLanguage":"nl-NL","@id":"https:\/\/bewine.be\/nl\/#\/schema\/logo\/image\/","url":"https:\/\/bewine.be\/test\/wp-content\/uploads\/2022\/06\/logo-bewine-1.png","contentUrl":"https:\/\/bewine.be\/test\/wp-content\/uploads\/2022\/06\/logo-bewine-1.png","width":203,"height":225,"caption":"Be Wine"},"image":{"@id":"https:\/\/bewine.be\/nl\/#\/schema\/logo\/image\/"}}]}},"jetpack_sharing_enabled":true,"_links":{"self":[{"href":"https:\/\/bewine.be\/nl\/wp-json\/wp\/v2\/product\/5799","targetHints":{"allow":["GET"]}}],"collection":[{"href":"https:\/\/bewine.be\/nl\/wp-json\/wp\/v2\/product"}],"about":[{"href":"https:\/\/bewine.be\/nl\/wp-json\/wp\/v2\/types\/product"}],"replies":[{"embeddable":true,"href":"https:\/\/bewine.be\/nl\/wp-json\/wp\/v2\/comments?post=5799"}],"wp:featuredmedia":[{"embeddable":true,"href":"https:\/\/bewine.be\/nl\/wp-json\/wp\/v2\/media\/5800"}],"wp:attachment":[{"href":"https:\/\/bewine.be\/nl\/wp-json\/wp\/v2\/media?parent=5799"}],"wp:term":[{"taxonomy":"product_brand","embeddable":true,"href":"https:\/\/bewine.be\/nl\/wp-json\/wp\/v2\/product_brand?post=5799"},{"taxonomy":"product_cat","embeddable":true,"href":"https:\/\/bewine.be\/nl\/wp-json\/wp\/v2\/product_cat?post=5799"},{"taxonomy":"product_tag","embeddable":true,"href":"https:\/\/bewine.be\/nl\/wp-json\/wp\/v2\/product_tag?post=5799"}],"curies":[{"name":"wp","href":"https:\/\/api.w.org\/{rel}","templated":true}]}}