{"id":5813,"date":"2023-05-23T18:06:40","date_gmt":"2023-05-23T18:06:40","guid":{"rendered":"https:\/\/bewine.be\/product\/beaute-du-sud\/"},"modified":"2025-10-11T08:13:20","modified_gmt":"2025-10-11T08:13:20","slug":"beaute-du-sud","status":"publish","type":"product","link":"https:\/\/bewine.be\/nl\/product\/beaute-du-sud\/","title":{"rendered":"Beaut\u00e9 Du Sud"},"content":{"rendered":"<div class=\"wpb-content-wrapper\"><p>[vc_row css=&#8221;.vc_custom_1544454382664{padding-top: 21px !important;padding-bottom: 27px !important;}&#8221;][vc_column][vc_column_text]<\/p>\n<div id=\"product-description-short-91\" class=\"description-short\">\n<p>Vin g\u00e9n\u00e9reux et s\u00e9duisant, d\u2019une couleur rubis sombre et chatoyant. Les ar\u00f4mes sont d\u2019une grande puissance et complexit\u00e9, sur des notes bois\u00e9es m\u00ealant la vanille et la torr\u00e9faction. La bouche, souple et riche, est d\u2019une longueur exceptionnelle. Un rapport qualit\u00e9 prix incroyable !<\/p>\n<\/div>\n<div class=\"product-actions\">\n<form id=\"add-to-cart-or-refresh\" action=\"https:\/\/bewine.be\/fr\/panier\" method=\"post\">\n<div class=\"product-variants\"><\/div>\n<section class=\"product-discounts\"><\/section>\n<div class=\"product-add-to-cart\">\n<div class=\"product-quantity clearfix\">\n<div class=\"qty clearfix\">\n<div class=\"input-group bootstrap-touchspin\"><\/div>\n<\/div>\n<\/div>\n<\/div>\n<\/form>\n<\/div>\n<\/div>","protected":false},"excerpt":{"rendered":"<p>Vin g\u00e9n\u00e9reux et s\u00e9duisant, d\u2019une couleur rubis sombre et chatoyant. Les ar\u00f4mes sont d\u2019une grande puissance et complexit\u00e9, sur des notes bois\u00e9es m\u00ealant la vanille et la torr\u00e9faction. La bouche, souple et riche, est d\u2019une longueur exceptionnelle. Un rapport qualit\u00e9 prix incroyable !<\/p>\n","protected":false},"featured_media":5814,"comment_status":"open","ping_status":"closed","template":"","meta":[],"product_brand":[],"product_cat":[293],"product_tag":[294,305],"class_list":{"0":"post-5813","1":"product","2":"type-product","3":"status-publish","4":"has-post-thumbnail","6":"product_cat-rode-wijnen","7":"product_tag-frankrijk","8":"product_tag-pays-doc-nl","10":"first","11":"instock","12":"taxable","13":"shipping-taxable","14":"purchasable","15":"product-type-simple"},"yoast_head":"<!-- This site is optimized with the Yoast SEO plugin v27.6 - https:\/\/yoast.com\/product\/yoast-seo-wordpress\/ -->\n<title>Beaut\u00e9 Du Sud - Be wine<\/title>\n<meta name=\"description\" content=\"Een gulle, verleidelijke wijn met een glanzende donkere robijnrode kleur. De aroma&#039;s zijn krachtig en complex, met houtachtige noten die vanille en roosteren combineren. Soepel en rijk in de mond, met een uitzonderlijke lengte. Ongelooflijk veel waar voor je geld!\" \/>\n<meta name=\"robots\" content=\"index, follow, max-snippet:-1, max-image-preview:large, max-video-preview:-1\" \/>\n<link rel=\"canonical\" href=\"https:\/\/bewine.be\/nl\/product\/beaute-du-sud\/\" \/>\n<meta property=\"og:locale\" content=\"nl_NL\" \/>\n<meta property=\"og:type\" content=\"article\" \/>\n<meta property=\"og:title\" content=\"Beaut\u00e9 Du Sud - Be wine\" \/>\n<meta property=\"og:description\" content=\"Een gulle, verleidelijke wijn met een glanzende donkere robijnrode kleur. De aroma&#039;s zijn krachtig en complex, met houtachtige noten die vanille en roosteren combineren. Soepel en rijk in de mond, met een uitzonderlijke lengte. Ongelooflijk veel waar voor je geld!\" \/>\n<meta property=\"og:url\" content=\"https:\/\/bewine.be\/nl\/product\/beaute-du-sud\/\" \/>\n<meta property=\"og:site_name\" content=\"Be wine\" \/>\n<meta property=\"article:modified_time\" content=\"2025-10-11T08:13:20+00:00\" \/>\n<meta property=\"og:image\" content=\"https:\/\/bewine.be\/wp-content\/uploads\/2023\/05\/beaute-du-sud.png\" \/>\n\t<meta property=\"og:image:width\" content=\"800\" \/>\n\t<meta property=\"og:image:height\" content=\"800\" \/>\n\t<meta property=\"og:image:type\" content=\"image\/png\" \/>\n<meta name=\"twitter:card\" content=\"summary_large_image\" \/>\n<script type=\"application\/ld+json\" class=\"yoast-schema-graph\">{\"@context\":\"https:\\\/\\\/schema.org\",\"@graph\":[{\"@type\":\"WebPage\",\"@id\":\"https:\\\/\\\/bewine.be\\\/nl\\\/product\\\/beaute-du-sud\\\/\",\"url\":\"https:\\\/\\\/bewine.be\\\/nl\\\/product\\\/beaute-du-sud\\\/\",\"name\":\"Beaut\u00e9 Du Sud - Be wine\",\"isPartOf\":{\"@id\":\"https:\\\/\\\/bewine.be\\\/nl\\\/#website\"},\"primaryImageOfPage\":{\"@id\":\"https:\\\/\\\/bewine.be\\\/nl\\\/product\\\/beaute-du-sud\\\/#primaryimage\"},\"image\":{\"@id\":\"https:\\\/\\\/bewine.be\\\/nl\\\/product\\\/beaute-du-sud\\\/#primaryimage\"},\"thumbnailUrl\":\"https:\\\/\\\/bewine.be\\\/wp-content\\\/uploads\\\/2023\\\/05\\\/beaute-du-sud.png\",\"datePublished\":\"2023-05-23T18:06:40+00:00\",\"dateModified\":\"2025-10-11T08:13:20+00:00\",\"description\":\"Een gulle, verleidelijke wijn met een glanzende donkere robijnrode kleur. De aroma's zijn krachtig en complex, met houtachtige noten die vanille en roosteren combineren. Soepel en rijk in de mond, met een uitzonderlijke lengte. Ongelooflijk veel waar voor je geld!\",\"breadcrumb\":{\"@id\":\"https:\\\/\\\/bewine.be\\\/nl\\\/product\\\/beaute-du-sud\\\/#breadcrumb\"},\"inLanguage\":\"nl-NL\",\"potentialAction\":[{\"@type\":\"ReadAction\",\"target\":[\"https:\\\/\\\/bewine.be\\\/nl\\\/product\\\/beaute-du-sud\\\/\"]}]},{\"@type\":\"ImageObject\",\"inLanguage\":\"nl-NL\",\"@id\":\"https:\\\/\\\/bewine.be\\\/nl\\\/product\\\/beaute-du-sud\\\/#primaryimage\",\"url\":\"https:\\\/\\\/bewine.be\\\/wp-content\\\/uploads\\\/2023\\\/05\\\/beaute-du-sud.png\",\"contentUrl\":\"https:\\\/\\\/bewine.be\\\/wp-content\\\/uploads\\\/2023\\\/05\\\/beaute-du-sud.png\",\"width\":800,\"height\":800,\"caption\":\"Frankrijk Rouge Brussel Wijnkelder\"},{\"@type\":\"BreadcrumbList\",\"@id\":\"https:\\\/\\\/bewine.be\\\/nl\\\/product\\\/beaute-du-sud\\\/#breadcrumb\",\"itemListElement\":[{\"@type\":\"ListItem\",\"position\":1,\"name\":\"Accueil\",\"item\":\"https:\\\/\\\/bewine.be\\\/nl\\\/\"},{\"@type\":\"ListItem\",\"position\":2,\"name\":\"Winkelen\",\"item\":\"https:\\\/\\\/bewine.be\\\/nl\\\/winkelen-2\\\/\"},{\"@type\":\"ListItem\",\"position\":3,\"name\":\"Beaut\u00e9 Du Sud\"}]},{\"@type\":\"WebSite\",\"@id\":\"https:\\\/\\\/bewine.be\\\/nl\\\/#website\",\"url\":\"https:\\\/\\\/bewine.be\\\/nl\\\/\",\"name\":\"Be wine\",\"description\":\"Don&#039;t worry Be Wine\",\"publisher\":{\"@id\":\"https:\\\/\\\/bewine.be\\\/nl\\\/#organization\"},\"potentialAction\":[{\"@type\":\"SearchAction\",\"target\":{\"@type\":\"EntryPoint\",\"urlTemplate\":\"https:\\\/\\\/bewine.be\\\/nl\\\/?s={search_term_string}\"},\"query-input\":{\"@type\":\"PropertyValueSpecification\",\"valueRequired\":true,\"valueName\":\"search_term_string\"}}],\"inLanguage\":\"nl-NL\"},{\"@type\":\"Organization\",\"@id\":\"https:\\\/\\\/bewine.be\\\/nl\\\/#organization\",\"name\":\"Be Wine\",\"url\":\"https:\\\/\\\/bewine.be\\\/nl\\\/\",\"logo\":{\"@type\":\"ImageObject\",\"inLanguage\":\"nl-NL\",\"@id\":\"https:\\\/\\\/bewine.be\\\/nl\\\/#\\\/schema\\\/logo\\\/image\\\/\",\"url\":\"https:\\\/\\\/bewine.be\\\/test\\\/wp-content\\\/uploads\\\/2022\\\/06\\\/logo-bewine-1.png\",\"contentUrl\":\"https:\\\/\\\/bewine.be\\\/test\\\/wp-content\\\/uploads\\\/2022\\\/06\\\/logo-bewine-1.png\",\"width\":203,\"height\":225,\"caption\":\"Be Wine\"},\"image\":{\"@id\":\"https:\\\/\\\/bewine.be\\\/nl\\\/#\\\/schema\\\/logo\\\/image\\\/\"}}]}<\/script>\n<!-- \/ Yoast SEO plugin. -->","yoast_head_json":{"title":"Beaut\u00e9 Du Sud - Be wine","description":"Een gulle, verleidelijke wijn met een glanzende donkere robijnrode kleur. De aroma's zijn krachtig en complex, met houtachtige noten die vanille en roosteren combineren. Soepel en rijk in de mond, met een uitzonderlijke lengte. Ongelooflijk veel waar voor je geld!","robots":{"index":"index","follow":"follow","max-snippet":"max-snippet:-1","max-image-preview":"max-image-preview:large","max-video-preview":"max-video-preview:-1"},"canonical":"https:\/\/bewine.be\/nl\/product\/beaute-du-sud\/","og_locale":"nl_NL","og_type":"article","og_title":"Beaut\u00e9 Du Sud - Be wine","og_description":"Een gulle, verleidelijke wijn met een glanzende donkere robijnrode kleur. De aroma's zijn krachtig en complex, met houtachtige noten die vanille en roosteren combineren. Soepel en rijk in de mond, met een uitzonderlijke lengte. Ongelooflijk veel waar voor je geld!","og_url":"https:\/\/bewine.be\/nl\/product\/beaute-du-sud\/","og_site_name":"Be wine","article_modified_time":"2025-10-11T08:13:20+00:00","og_image":[{"width":800,"height":800,"url":"https:\/\/bewine.be\/wp-content\/uploads\/2023\/05\/beaute-du-sud.png","type":"image\/png"}],"twitter_card":"summary_large_image","schema":{"@context":"https:\/\/schema.org","@graph":[{"@type":"WebPage","@id":"https:\/\/bewine.be\/nl\/product\/beaute-du-sud\/","url":"https:\/\/bewine.be\/nl\/product\/beaute-du-sud\/","name":"Beaut\u00e9 Du Sud - Be wine","isPartOf":{"@id":"https:\/\/bewine.be\/nl\/#website"},"primaryImageOfPage":{"@id":"https:\/\/bewine.be\/nl\/product\/beaute-du-sud\/#primaryimage"},"image":{"@id":"https:\/\/bewine.be\/nl\/product\/beaute-du-sud\/#primaryimage"},"thumbnailUrl":"https:\/\/bewine.be\/wp-content\/uploads\/2023\/05\/beaute-du-sud.png","datePublished":"2023-05-23T18:06:40+00:00","dateModified":"2025-10-11T08:13:20+00:00","description":"Een gulle, verleidelijke wijn met een glanzende donkere robijnrode kleur. De aroma's zijn krachtig en complex, met houtachtige noten die vanille en roosteren combineren. Soepel en rijk in de mond, met een uitzonderlijke lengte. Ongelooflijk veel waar voor je geld!","breadcrumb":{"@id":"https:\/\/bewine.be\/nl\/product\/beaute-du-sud\/#breadcrumb"},"inLanguage":"nl-NL","potentialAction":[{"@type":"ReadAction","target":["https:\/\/bewine.be\/nl\/product\/beaute-du-sud\/"]}]},{"@type":"ImageObject","inLanguage":"nl-NL","@id":"https:\/\/bewine.be\/nl\/product\/beaute-du-sud\/#primaryimage","url":"https:\/\/bewine.be\/wp-content\/uploads\/2023\/05\/beaute-du-sud.png","contentUrl":"https:\/\/bewine.be\/wp-content\/uploads\/2023\/05\/beaute-du-sud.png","width":800,"height":800,"caption":"Frankrijk Rouge Brussel Wijnkelder"},{"@type":"BreadcrumbList","@id":"https:\/\/bewine.be\/nl\/product\/beaute-du-sud\/#breadcrumb","itemListElement":[{"@type":"ListItem","position":1,"name":"Accueil","item":"https:\/\/bewine.be\/nl\/"},{"@type":"ListItem","position":2,"name":"Winkelen","item":"https:\/\/bewine.be\/nl\/winkelen-2\/"},{"@type":"ListItem","position":3,"name":"Beaut\u00e9 Du Sud"}]},{"@type":"WebSite","@id":"https:\/\/bewine.be\/nl\/#website","url":"https:\/\/bewine.be\/nl\/","name":"Be wine","description":"Don&#039;t worry Be Wine","publisher":{"@id":"https:\/\/bewine.be\/nl\/#organization"},"potentialAction":[{"@type":"SearchAction","target":{"@type":"EntryPoint","urlTemplate":"https:\/\/bewine.be\/nl\/?s={search_term_string}"},"query-input":{"@type":"PropertyValueSpecification","valueRequired":true,"valueName":"search_term_string"}}],"inLanguage":"nl-NL"},{"@type":"Organization","@id":"https:\/\/bewine.be\/nl\/#organization","name":"Be Wine","url":"https:\/\/bewine.be\/nl\/","logo":{"@type":"ImageObject","inLanguage":"nl-NL","@id":"https:\/\/bewine.be\/nl\/#\/schema\/logo\/image\/","url":"https:\/\/bewine.be\/test\/wp-content\/uploads\/2022\/06\/logo-bewine-1.png","contentUrl":"https:\/\/bewine.be\/test\/wp-content\/uploads\/2022\/06\/logo-bewine-1.png","width":203,"height":225,"caption":"Be Wine"},"image":{"@id":"https:\/\/bewine.be\/nl\/#\/schema\/logo\/image\/"}}]}},"jetpack_sharing_enabled":true,"_links":{"self":[{"href":"https:\/\/bewine.be\/nl\/wp-json\/wp\/v2\/product\/5813","targetHints":{"allow":["GET"]}}],"collection":[{"href":"https:\/\/bewine.be\/nl\/wp-json\/wp\/v2\/product"}],"about":[{"href":"https:\/\/bewine.be\/nl\/wp-json\/wp\/v2\/types\/product"}],"replies":[{"embeddable":true,"href":"https:\/\/bewine.be\/nl\/wp-json\/wp\/v2\/comments?post=5813"}],"wp:featuredmedia":[{"embeddable":true,"href":"https:\/\/bewine.be\/nl\/wp-json\/wp\/v2\/media\/5814"}],"wp:attachment":[{"href":"https:\/\/bewine.be\/nl\/wp-json\/wp\/v2\/media?parent=5813"}],"wp:term":[{"taxonomy":"product_brand","embeddable":true,"href":"https:\/\/bewine.be\/nl\/wp-json\/wp\/v2\/product_brand?post=5813"},{"taxonomy":"product_cat","embeddable":true,"href":"https:\/\/bewine.be\/nl\/wp-json\/wp\/v2\/product_cat?post=5813"},{"taxonomy":"product_tag","embeddable":true,"href":"https:\/\/bewine.be\/nl\/wp-json\/wp\/v2\/product_tag?post=5813"}],"curies":[{"name":"wp","href":"https:\/\/api.w.org\/{rel}","templated":true}]}}