{"id":5835,"date":"2018-12-11T15:13:57","date_gmt":"2018-12-11T15:13:57","guid":{"rendered":"https:\/\/bewine.be\/product\/gris-gris-rose-cotes-de-roussillon\/"},"modified":"2024-02-19T20:49:20","modified_gmt":"2024-02-19T20:49:20","slug":"gris-gris-rose-cotes-de-roussillon","status":"publish","type":"product","link":"https:\/\/bewine.be\/nl\/product\/gris-gris-rose-cotes-de-roussillon\/","title":{"rendered":"&#8220;Gris-Gris&#8221; Ros\u00e9 C\u00f4tes De Roussillon"},"content":{"rendered":"<div class=\"wpb-content-wrapper\"><p>[vc_row css=&#8221;.vc_custom_1544454382664{padding-top: 21px !important;padding-bottom: 27px !important;}&#8221;][vc_column][vc_column_text]<\/p>\n<p>Deze wijn van Ch\u00e2teau de Corneilla is lichtroze van kleur. Fris en fris in de mond, met tonen van rode bessen en kruiden.<\/p>\n<p>Het past goed bij Aziatische gerechten, wit vlees of gewoon als aperitief in de zon.<\/p>\n<\/div>","protected":false},"excerpt":{"rendered":"<p>Deze wijn van Ch\u00e2teau de Corneilla is lichtroze van kleur. Fris en fris in de mond, met tonen van rode bessen en kruiden.<\/p>\n<p>Het past goed bij Aziatische gerechten, wit vlees of gewoon als aperitief in de zon.<\/p>\n","protected":false},"featured_media":5836,"comment_status":"open","ping_status":"closed","template":"","meta":[],"product_brand":[],"product_cat":[296],"product_tag":[294,295],"class_list":{"0":"post-5835","1":"product","2":"type-product","3":"status-publish","4":"has-post-thumbnail","6":"product_cat-rose-wijnen","7":"product_tag-frankrijk","8":"product_tag-languedoc-roussillon-nl","10":"first","11":"instock","12":"taxable","13":"shipping-taxable","14":"purchasable","15":"product-type-simple"},"yoast_head":"<!-- This site is optimized with the Yoast SEO plugin v27.3 - https:\/\/yoast.com\/product\/yoast-seo-wordpress\/ -->\n<title>&quot;Gris-Gris&quot; Ros\u00e9 C\u00f4tes De Roussillon - Be wine<\/title>\n<meta name=\"description\" content=\"Deze wijn van Ch\u00e2teau de Corneilla is lichtroze van kleur. Fris en fris in de mond, met tonen van rode bessen en kruiden. Het past goed bij Aziatische gerechten, wit vlees of gewoon als aperitief in de zon.\" \/>\n<meta name=\"robots\" content=\"index, follow, max-snippet:-1, max-image-preview:large, max-video-preview:-1\" \/>\n<link rel=\"canonical\" href=\"https:\/\/bewine.be\/nl\/product\/gris-gris-rose-cotes-de-roussillon\/\" \/>\n<meta property=\"og:locale\" content=\"nl_NL\" \/>\n<meta property=\"og:type\" content=\"article\" \/>\n<meta property=\"og:title\" content=\"&quot;Gris-Gris&quot; Ros\u00e9 C\u00f4tes De Roussillon - Be wine\" \/>\n<meta property=\"og:description\" content=\"Deze wijn van Ch\u00e2teau de Corneilla is lichtroze van kleur. Fris en fris in de mond, met tonen van rode bessen en kruiden. Het past goed bij Aziatische gerechten, wit vlees of gewoon als aperitief in de zon.\" \/>\n<meta property=\"og:url\" content=\"https:\/\/bewine.be\/nl\/product\/gris-gris-rose-cotes-de-roussillon\/\" \/>\n<meta property=\"og:site_name\" content=\"Be wine\" \/>\n<meta property=\"article:modified_time\" content=\"2024-02-19T20:49:20+00:00\" \/>\n<meta property=\"og:image\" content=\"https:\/\/bewine.be\/wp-content\/uploads\/2018\/12\/gris-gris-rose-cotes-de-roussillon.png\" \/>\n\t<meta property=\"og:image:width\" content=\"800\" \/>\n\t<meta property=\"og:image:height\" content=\"800\" \/>\n\t<meta property=\"og:image:type\" content=\"image\/png\" \/>\n<meta name=\"twitter:card\" content=\"summary_large_image\" \/>\n<script type=\"application\/ld+json\" class=\"yoast-schema-graph\">{\"@context\":\"https:\\\/\\\/schema.org\",\"@graph\":[{\"@type\":\"WebPage\",\"@id\":\"https:\\\/\\\/bewine.be\\\/nl\\\/product\\\/gris-gris-rose-cotes-de-roussillon\\\/\",\"url\":\"https:\\\/\\\/bewine.be\\\/nl\\\/product\\\/gris-gris-rose-cotes-de-roussillon\\\/\",\"name\":\"\\\"Gris-Gris\\\" Ros\u00e9 C\u00f4tes De Roussillon - Be wine\",\"isPartOf\":{\"@id\":\"https:\\\/\\\/bewine.be\\\/nl\\\/#website\"},\"primaryImageOfPage\":{\"@id\":\"https:\\\/\\\/bewine.be\\\/nl\\\/product\\\/gris-gris-rose-cotes-de-roussillon\\\/#primaryimage\"},\"image\":{\"@id\":\"https:\\\/\\\/bewine.be\\\/nl\\\/product\\\/gris-gris-rose-cotes-de-roussillon\\\/#primaryimage\"},\"thumbnailUrl\":\"https:\\\/\\\/bewine.be\\\/wp-content\\\/uploads\\\/2018\\\/12\\\/gris-gris-rose-cotes-de-roussillon.png\",\"datePublished\":\"2018-12-11T15:13:57+00:00\",\"dateModified\":\"2024-02-19T20:49:20+00:00\",\"description\":\"Deze wijn van Ch\u00e2teau de Corneilla is lichtroze van kleur. Fris en fris in de mond, met tonen van rode bessen en kruiden. Het past goed bij Aziatische gerechten, wit vlees of gewoon als aperitief in de zon.\",\"breadcrumb\":{\"@id\":\"https:\\\/\\\/bewine.be\\\/nl\\\/product\\\/gris-gris-rose-cotes-de-roussillon\\\/#breadcrumb\"},\"inLanguage\":\"nl-NL\",\"potentialAction\":[{\"@type\":\"ReadAction\",\"target\":[\"https:\\\/\\\/bewine.be\\\/nl\\\/product\\\/gris-gris-rose-cotes-de-roussillon\\\/\"]}]},{\"@type\":\"ImageObject\",\"inLanguage\":\"nl-NL\",\"@id\":\"https:\\\/\\\/bewine.be\\\/nl\\\/product\\\/gris-gris-rose-cotes-de-roussillon\\\/#primaryimage\",\"url\":\"https:\\\/\\\/bewine.be\\\/wp-content\\\/uploads\\\/2018\\\/12\\\/gris-gris-rose-cotes-de-roussillon.png\",\"contentUrl\":\"https:\\\/\\\/bewine.be\\\/wp-content\\\/uploads\\\/2018\\\/12\\\/gris-gris-rose-cotes-de-roussillon.png\",\"width\":800,\"height\":800,\"caption\":\"Ros\u00e9 France Bruxelles Cave \u00e0 vins\"},{\"@type\":\"BreadcrumbList\",\"@id\":\"https:\\\/\\\/bewine.be\\\/nl\\\/product\\\/gris-gris-rose-cotes-de-roussillon\\\/#breadcrumb\",\"itemListElement\":[{\"@type\":\"ListItem\",\"position\":1,\"name\":\"Accueil\",\"item\":\"https:\\\/\\\/bewine.be\\\/nl\\\/\"},{\"@type\":\"ListItem\",\"position\":2,\"name\":\"Winkelen\",\"item\":\"https:\\\/\\\/bewine.be\\\/nl\\\/winkelen-2\\\/\"},{\"@type\":\"ListItem\",\"position\":3,\"name\":\"&#8220;Gris-Gris&#8221; Ros\u00e9 C\u00f4tes De Roussillon\"}]},{\"@type\":\"WebSite\",\"@id\":\"https:\\\/\\\/bewine.be\\\/nl\\\/#website\",\"url\":\"https:\\\/\\\/bewine.be\\\/nl\\\/\",\"name\":\"Be wine\",\"description\":\"Don&#039;t worry Be Wine\",\"publisher\":{\"@id\":\"https:\\\/\\\/bewine.be\\\/nl\\\/#organization\"},\"potentialAction\":[{\"@type\":\"SearchAction\",\"target\":{\"@type\":\"EntryPoint\",\"urlTemplate\":\"https:\\\/\\\/bewine.be\\\/nl\\\/?s={search_term_string}\"},\"query-input\":{\"@type\":\"PropertyValueSpecification\",\"valueRequired\":true,\"valueName\":\"search_term_string\"}}],\"inLanguage\":\"nl-NL\"},{\"@type\":\"Organization\",\"@id\":\"https:\\\/\\\/bewine.be\\\/nl\\\/#organization\",\"name\":\"Be Wine\",\"url\":\"https:\\\/\\\/bewine.be\\\/nl\\\/\",\"logo\":{\"@type\":\"ImageObject\",\"inLanguage\":\"nl-NL\",\"@id\":\"https:\\\/\\\/bewine.be\\\/nl\\\/#\\\/schema\\\/logo\\\/image\\\/\",\"url\":\"https:\\\/\\\/bewine.be\\\/test\\\/wp-content\\\/uploads\\\/2022\\\/06\\\/logo-bewine-1.png\",\"contentUrl\":\"https:\\\/\\\/bewine.be\\\/test\\\/wp-content\\\/uploads\\\/2022\\\/06\\\/logo-bewine-1.png\",\"width\":203,\"height\":225,\"caption\":\"Be Wine\"},\"image\":{\"@id\":\"https:\\\/\\\/bewine.be\\\/nl\\\/#\\\/schema\\\/logo\\\/image\\\/\"}}]}<\/script>\n<!-- \/ Yoast SEO plugin. -->","yoast_head_json":{"title":"\"Gris-Gris\" Ros\u00e9 C\u00f4tes De Roussillon - Be wine","description":"Deze wijn van Ch\u00e2teau de Corneilla is lichtroze van kleur. Fris en fris in de mond, met tonen van rode bessen en kruiden. Het past goed bij Aziatische gerechten, wit vlees of gewoon als aperitief in de zon.","robots":{"index":"index","follow":"follow","max-snippet":"max-snippet:-1","max-image-preview":"max-image-preview:large","max-video-preview":"max-video-preview:-1"},"canonical":"https:\/\/bewine.be\/nl\/product\/gris-gris-rose-cotes-de-roussillon\/","og_locale":"nl_NL","og_type":"article","og_title":"\"Gris-Gris\" Ros\u00e9 C\u00f4tes De Roussillon - Be wine","og_description":"Deze wijn van Ch\u00e2teau de Corneilla is lichtroze van kleur. Fris en fris in de mond, met tonen van rode bessen en kruiden. Het past goed bij Aziatische gerechten, wit vlees of gewoon als aperitief in de zon.","og_url":"https:\/\/bewine.be\/nl\/product\/gris-gris-rose-cotes-de-roussillon\/","og_site_name":"Be wine","article_modified_time":"2024-02-19T20:49:20+00:00","og_image":[{"width":800,"height":800,"url":"https:\/\/bewine.be\/wp-content\/uploads\/2018\/12\/gris-gris-rose-cotes-de-roussillon.png","type":"image\/png"}],"twitter_card":"summary_large_image","schema":{"@context":"https:\/\/schema.org","@graph":[{"@type":"WebPage","@id":"https:\/\/bewine.be\/nl\/product\/gris-gris-rose-cotes-de-roussillon\/","url":"https:\/\/bewine.be\/nl\/product\/gris-gris-rose-cotes-de-roussillon\/","name":"\"Gris-Gris\" Ros\u00e9 C\u00f4tes De Roussillon - Be wine","isPartOf":{"@id":"https:\/\/bewine.be\/nl\/#website"},"primaryImageOfPage":{"@id":"https:\/\/bewine.be\/nl\/product\/gris-gris-rose-cotes-de-roussillon\/#primaryimage"},"image":{"@id":"https:\/\/bewine.be\/nl\/product\/gris-gris-rose-cotes-de-roussillon\/#primaryimage"},"thumbnailUrl":"https:\/\/bewine.be\/wp-content\/uploads\/2018\/12\/gris-gris-rose-cotes-de-roussillon.png","datePublished":"2018-12-11T15:13:57+00:00","dateModified":"2024-02-19T20:49:20+00:00","description":"Deze wijn van Ch\u00e2teau de Corneilla is lichtroze van kleur. Fris en fris in de mond, met tonen van rode bessen en kruiden. Het past goed bij Aziatische gerechten, wit vlees of gewoon als aperitief in de zon.","breadcrumb":{"@id":"https:\/\/bewine.be\/nl\/product\/gris-gris-rose-cotes-de-roussillon\/#breadcrumb"},"inLanguage":"nl-NL","potentialAction":[{"@type":"ReadAction","target":["https:\/\/bewine.be\/nl\/product\/gris-gris-rose-cotes-de-roussillon\/"]}]},{"@type":"ImageObject","inLanguage":"nl-NL","@id":"https:\/\/bewine.be\/nl\/product\/gris-gris-rose-cotes-de-roussillon\/#primaryimage","url":"https:\/\/bewine.be\/wp-content\/uploads\/2018\/12\/gris-gris-rose-cotes-de-roussillon.png","contentUrl":"https:\/\/bewine.be\/wp-content\/uploads\/2018\/12\/gris-gris-rose-cotes-de-roussillon.png","width":800,"height":800,"caption":"Ros\u00e9 France Bruxelles Cave \u00e0 vins"},{"@type":"BreadcrumbList","@id":"https:\/\/bewine.be\/nl\/product\/gris-gris-rose-cotes-de-roussillon\/#breadcrumb","itemListElement":[{"@type":"ListItem","position":1,"name":"Accueil","item":"https:\/\/bewine.be\/nl\/"},{"@type":"ListItem","position":2,"name":"Winkelen","item":"https:\/\/bewine.be\/nl\/winkelen-2\/"},{"@type":"ListItem","position":3,"name":"&#8220;Gris-Gris&#8221; Ros\u00e9 C\u00f4tes De Roussillon"}]},{"@type":"WebSite","@id":"https:\/\/bewine.be\/nl\/#website","url":"https:\/\/bewine.be\/nl\/","name":"Be wine","description":"Don&#039;t worry Be Wine","publisher":{"@id":"https:\/\/bewine.be\/nl\/#organization"},"potentialAction":[{"@type":"SearchAction","target":{"@type":"EntryPoint","urlTemplate":"https:\/\/bewine.be\/nl\/?s={search_term_string}"},"query-input":{"@type":"PropertyValueSpecification","valueRequired":true,"valueName":"search_term_string"}}],"inLanguage":"nl-NL"},{"@type":"Organization","@id":"https:\/\/bewine.be\/nl\/#organization","name":"Be Wine","url":"https:\/\/bewine.be\/nl\/","logo":{"@type":"ImageObject","inLanguage":"nl-NL","@id":"https:\/\/bewine.be\/nl\/#\/schema\/logo\/image\/","url":"https:\/\/bewine.be\/test\/wp-content\/uploads\/2022\/06\/logo-bewine-1.png","contentUrl":"https:\/\/bewine.be\/test\/wp-content\/uploads\/2022\/06\/logo-bewine-1.png","width":203,"height":225,"caption":"Be Wine"},"image":{"@id":"https:\/\/bewine.be\/nl\/#\/schema\/logo\/image\/"}}]}},"jetpack_sharing_enabled":true,"_links":{"self":[{"href":"https:\/\/bewine.be\/nl\/wp-json\/wp\/v2\/product\/5835","targetHints":{"allow":["GET"]}}],"collection":[{"href":"https:\/\/bewine.be\/nl\/wp-json\/wp\/v2\/product"}],"about":[{"href":"https:\/\/bewine.be\/nl\/wp-json\/wp\/v2\/types\/product"}],"replies":[{"embeddable":true,"href":"https:\/\/bewine.be\/nl\/wp-json\/wp\/v2\/comments?post=5835"}],"wp:featuredmedia":[{"embeddable":true,"href":"https:\/\/bewine.be\/nl\/wp-json\/wp\/v2\/media\/5836"}],"wp:attachment":[{"href":"https:\/\/bewine.be\/nl\/wp-json\/wp\/v2\/media?parent=5835"}],"wp:term":[{"taxonomy":"product_brand","embeddable":true,"href":"https:\/\/bewine.be\/nl\/wp-json\/wp\/v2\/product_brand?post=5835"},{"taxonomy":"product_cat","embeddable":true,"href":"https:\/\/bewine.be\/nl\/wp-json\/wp\/v2\/product_cat?post=5835"},{"taxonomy":"product_tag","embeddable":true,"href":"https:\/\/bewine.be\/nl\/wp-json\/wp\/v2\/product_tag?post=5835"}],"curies":[{"name":"wp","href":"https:\/\/api.w.org\/{rel}","templated":true}]}}